{"id":39,"date":"2017-11-20T14:44:27","date_gmt":"2017-11-20T12:44:27","guid":{"rendered":"https:\/\/drecksklub.wordpress.com\/?page_id=39"},"modified":"2025-11-13T11:42:45","modified_gmt":"2025-11-13T10:42:45","slug":"impressum","status":"publish","type":"page","link":"https:\/\/www.drecksklub.de\/?page_id=39","title":{"rendered":"Impressum"},"content":{"rendered":"<h6><span style=\"font-size: 14px;\">Impressum \/ Datenschutzerkl\u00e4rung<\/span><\/h6>\n<p><span style=\"font-size: 12px;\"><strong>Angaben gem\u00e4\u00df \u00a7 5 TMG:<\/strong><\/span><br \/>\n<span style=\"font-size: 12px;\"> wonderlendt performances | c\/o Lendt | Schimmel-Hof GmbH | Hamburger Str. 273 B | 38144 Braunschweig<\/span><\/p>\n<p><span style=\"font-size: 12px;\"><strong>Vertreten durch:<\/strong><\/span><br \/>\n<span style=\"font-size: 12px;\"> Mirja Lendt<br \/>\n<\/span><\/p>\n<p><span style=\"font-size: 12px;\"><strong>Kontakt:<\/strong><\/span><br \/>\n<span style=\"font-size: 12px;\"> E-Mail: drecksklub@gmail.com\u00a0<\/span><\/p>\n<p><span style=\"font-size: 12px;\"><strong>Streitschlichtung<\/strong><\/span><br \/>\n<span style=\"font-size: 12px;\"> Wir sind nicht bereit oder verpflichtet, an Streitbeilegungsverfahren vor einer Verbraucherschlichtungsstelle teilzunehmen.<\/span><\/p>\n<p><span style=\"font-size: 12px;\"><strong>Haftung f\u00fcr Inhalte<br \/>\n<\/strong>Als Diensteanbieter sind wir gem\u00e4\u00df \u00a7 7 Abs.1 TMG f\u00fcr eigene Inhalte auf diesen Seiten nach den allgemeinen Gesetzen verantwortlich. Nach \u00a7\u00a7 8 bis 10 TMG sind wir als Diensteanbieter jedoch nicht verpflichtet, \u00fcbermittelte oder gespeicherte fremde Informationen zu \u00fcberwachen oder nach Umst\u00e4nden zu forschen, die auf eine rechtswidrige T\u00e4tigkeit hinweisen.<\/span><\/p>\n<p><span style=\"font-size: 12px;\">Verpflichtungen zur Entfernung oder Sperrung der Nutzung von Informationen nach den allgemeinen Gesetzen bleiben hiervon unber\u00fchrt. Eine diesbez\u00fcgliche Haftung ist jedoch erst ab dem Zeitpunkt der Kenntnis einer konkreten Rechtsverletzung m\u00f6glich. Bei Bekanntwerden von entsprechenden Rechtsverletzungen werden wir diese Inhalte umgehend entfernen.<\/span><\/p>\n<p><span style=\"font-size: 12px;\"><strong>Haftung f\u00fcr Links<\/strong><\/span><br \/>\n<span style=\"font-size: 12px;\"> Unser Angebot enth\u00e4lt Links zu externen Websites Dritter, auf deren Inhalte wir keinen Einfluss haben. Deshalb k\u00f6nnen wir f\u00fcr diese fremden Inhalte auch keine Gew\u00e4hr \u00fcbernehmen. F\u00fcr die Inhalte der verlinkten Seiten ist stets der jeweilige Anbieter oder Betreiber der Seiten verantwortlich. Die verlinkten Seiten wurden zum Zeitpunkt der Verlinkung auf m\u00f6gliche Rechtsverst\u00f6\u00dfe \u00fcberpr\u00fcft. Rechtswidrige Inhalte waren zum Zeitpunkt der Verlinkung nicht erkennbar.<\/span><\/p>\n<p><span style=\"font-size: 12px;\">Eine permanente inhaltliche Kontrolle der verlinkten Seiten ist jedoch ohne konkrete Anhaltspunkte einer Rechtsverletzung nicht zumutbar. Bei Bekanntwerden von Rechtsverletzungen werden wir derartige Links umgehend entfernen.<\/span><\/p>\n<p><span style=\"font-size: 12px;\"><strong>Urheberrecht<\/strong><\/span><br \/>\n<span style=\"font-size: 12px;\"> Die durch die Seitenbetreiber erstellten Inhalte und Werke auf diesen Seiten unterliegen dem deutschen Urheberrecht. Die Vervielf\u00e4ltigung, Bearbeitung, Verbreitung und jede Art der Verwertung au\u00dferhalb der Grenzen des Urheberrechtes bed\u00fcrfen der schriftlichen Zustimmung des jeweiligen Autors bzw. Erstellers. Downloads und Kopien dieser Seite sind nur f\u00fcr den privaten, nicht kommerziellen Gebrauch gestattet.<\/span><\/p>\n<p><span style=\"font-size: 12px;\">Soweit die Inhalte auf dieser Seite nicht vom Betreiber erstellt wurden, werden die Urheberrechte Dritter beachtet. Insbesondere werden Inhalte Dritter als solche gekennzeichnet. Sollten Sie trotzdem auf eine Urheberrechtsverletzung aufmerksam werden, bitten wir um einen entsprechenden Hinweis. Bei Bekanntwerden von Rechtsverletzungen werden wir derartige Inhalte umgehend entfernen.<\/span><\/p>\n<p><span style=\"font-size: 12px;\">Quelle: <a href=\"https:\/\/www.e-recht24.de\">e-recht24.de<\/a><\/span><\/p>\n<p><span style=\"font-size: 12px;\"><strong><span style=\"font-size: 14px;\">Datenschutzerkl\u00e4rung<\/span><br \/>\n<\/strong>Verantwortliche Stelle im Sinne der Datenschutzgesetze, insbesondere der EU-Datenschutzgrundverordnung (DSGVO), ist:<\/span><\/p>\n<p><span style=\"font-size: 12px;\">Mirja Lendt | wonderlendt performances | Schimmel-Hof GmbH, Hamburger Str. 273, 38144 Braunschweig<\/span><\/p>\n<p><strong><span style=\"font-size: 12px;\">Ihre Betroffenenrechte<br \/>\n<\/span><\/strong><span style=\"font-size: 12px;\">Unter den angegebenen Kontaktdaten unseres Datenschutzbeauftragten k\u00f6nnen Sie jederzeit folgende Rechte aus\u00fcben:<\/span><\/p>\n<ul>\n<li><span style=\"font-size: 12px;\">Auskunft \u00fcber Ihre bei uns gespeicherten Daten und deren Verarbeitung,<\/span><\/li>\n<li><span style=\"font-size: 12px;\">Berichtigung unrichtiger personenbezogener Daten,<\/span><\/li>\n<li><span style=\"font-size: 12px;\">L\u00f6schung Ihrer bei uns gespeicherten Daten,<\/span><\/li>\n<li><span style=\"font-size: 12px;\">Einschr\u00e4nkung der Datenverarbeitung, sofern wir Ihre Daten aufgrund gesetzlicher Pflichten noch nicht l\u00f6schen d\u00fcrfen,<\/span><\/li>\n<li><span style=\"font-size: 12px;\">Widerspruch gegen die Verarbeitung Ihrer Daten bei uns und<br \/>\n<\/span><\/li>\n<li><span style=\"font-size: 12px;\">Daten\u00fcbertragbarkeit, sofern Sie in die Datenverarbeitung eingewilligt haben oder einen Vertrag mit uns abgeschlossen haben.<\/span><\/li>\n<\/ul>\n<p><span style=\"font-size: 12px;\">Sofern Sie uns eine Einwilligung erteilt haben, k\u00f6nnen Sie diese jederzeit mit Wirkung f\u00fcr die Zukunft widerrufen.<\/span><\/p>\n<p><span style=\"font-size: 12px;\">Sie k\u00f6nnen sich jederzeit mit einer Beschwerde an die f\u00fcr Sie zust\u00e4ndige Aufsichtsbeh\u00f6rde wenden. Ihre zust\u00e4ndige Aufsichtsbeh\u00f6rde richtet sich nach dem Bundesland Ihres Wohnsitzes, Ihrer Arbeit oder der mutma\u00dflichen Verletzung. Eine Liste der Aufsichtsbeh\u00f6rden (f\u00fcr den nicht\u00f6ffentlichen Bereich) mit Anschrift finden Sie unter: <a href=\"https:\/\/www.bfdi.bund.de\/DE\/Infothek\/Anschriften_Links\/anschriften_links-node.html\" target=\"_blank\" rel=\"noopener\">https:\/\/www.bfdi.bund.de\/DE\/Infothek\/Anschriften_Links\/anschriften_links-node.html<\/a>.<\/span><\/p>\n<p><strong><span style=\"font-size: 12px;\">Zwecke der Datenverarbeitung durch die verantwortliche Stelle und Dritte<br \/>\n<\/span><\/strong><span style=\"font-size: 12px;\">Wir verarbeiten Ihre personenbezogenen Daten nur zu den in dieser Datenschutzerkl\u00e4rung genannten Zwecken. Eine \u00dcbermittlung Ihrer pers\u00f6nlichen Daten an Dritte zu anderen als den genannten Zwecken findet nicht statt. Wir geben Ihre pers\u00f6nlichen Daten nur an Dritte weiter, wenn:<\/span><\/p>\n<ul>\n<li><span style=\"font-size: 12px;\">Sie Ihre ausdr\u00fcckliche Einwilligung dazu erteilt haben,<\/span><span style=\"font-size: 12px;\"><br \/>\n<\/span><\/li>\n<li><span style=\"font-size: 12px;\">die Verarbeitung zur Abwicklung eines Vertrags mit Ihnen erforderlich ist,<br \/>\n<\/span><\/li>\n<li><span style=\"font-size: 12px;\">die Verarbeitung zur Erf\u00fcllung einer rechtlichen Verpflichtung erforderlich ist,<br \/>\n<\/span><\/li>\n<li><span style=\"font-size: 12px;\">die Verarbeitung zur Wahrung berechtigter Interessen erforderlich ist und kein Grund zur Annahme besteht, dass Sie ein \u00fcberwiegendes schutzw\u00fcrdiges Interesse an der Nichtweitergabe Ihrer Daten haben.<\/span><\/li>\n<\/ul>\n<p><strong><span style=\"font-size: 12px;\">Erfassung allgemeiner Informationen beim Besuch unserer Website<br \/>\n<\/span><\/strong><span style=\"font-size: 12px;\">Wenn Sie auf unsere Website zugreifen, werden automatisch mittels eines Cookies Informationen allgemeiner Natur erfasst. Diese Informationen (Server-Logfiles) beinhalten etwa die Art des Webbrowsers, das verwendete Betriebssystem, den Domainnamen Ihres Internet-Service-Providers und \u00e4hnliches. Hierbei handelt es sich ausschlie\u00dflich um Informationen, welche keine R\u00fcckschl\u00fcsse auf Ihre Person zulassen.<\/span><\/p>\n<p><span style=\"font-size: 12px;\">Diese Informationen sind technisch notwendig, um von Ihnen angeforderte Inhalte von Webseiten korrekt auszuliefern und fallen bei Nutzung des Internets zwingend an. Sie werden insbesondere zu folgenden Zwecken verarbeitet:<\/span><\/p>\n<ul>\n<li><span style=\"font-size: 12px;\">Sicherstellung eines problemlosen Verbindungsaufbaus der Website,<br \/>\n<\/span><\/li>\n<li><span style=\"font-size: 12px;\">Sicherstellung einer reibungslosen Nutzung unserer Website,<br \/>\n<\/span><\/li>\n<li><span style=\"font-size: 12px;\">Auswertung der Systemsicherheit und -stabilit\u00e4t sowie<br \/>\n<\/span><\/li>\n<li><span style=\"font-size: 12px;\">zu weiteren administrativen Zwecken.<\/span><\/li>\n<\/ul>\n<p><span style=\"font-size: 12px;\">Die Verarbeitung Ihrer personenbezogenen Daten basiert auf unserem berechtigten Interesse aus den vorgenannten Zwecken zur Datenerhebung. Wir verwenden Ihre Daten nicht, um R\u00fcckschl\u00fcsse auf Ihre Person zu ziehen. Empf\u00e4nger der Daten sind nur die verantwortliche Stelle und ggf. Auftragsverarbeiter.<\/span><\/p>\n<p><span style=\"font-size: 12px;\">Anonyme Informationen dieser Art werden von uns ggfs. statistisch ausgewertet, um unseren Internetauftritt und die dahinterstehende Technik zu optimieren.<\/span><\/p>\n<p><strong><span style=\"font-size: 12px;\">Kontaktformular<br \/>\n<\/span><\/strong><span style=\"font-size: 12px;\">Treten Sie bzgl. Fragen jeglicher Art per E-Mail oder Kontaktformular mit uns in Kontakt, erteilen Sie uns zum Zwecke der Kontaktaufnahme Ihre freiwillige Einwilligung. Hierf\u00fcr ist die Angabe einer validen E-Mail-Adresse erforderlich. Diese dient der Zuordnung der Anfrage und der anschlie\u00dfenden Beantwortung derselben. Die Angabe weiterer Daten ist optional. Die von Ihnen gemachten Angaben werden zum Zwecke der Bearbeitung der Anfrage sowie f\u00fcr m\u00f6gliche Anschlussfragen gespeichert. Nach Erledigung der von Ihnen gestellten Anfrage werden personenbezogene Daten automatisch gel\u00f6scht.<\/span><\/p>\n<p><strong><span style=\"font-size: 12px;\">Verwendung von Google Maps<br \/>\n<\/span><\/strong><span style=\"font-size: 12px;\">Diese Webseite verwendet Google Maps API, um geographische Informationen visuell darzustellen. Bei der Nutzung von Google Maps werden von Google auch Daten \u00fcber die Nutzung der Kartenfunktionen durch Besucher erhoben, verarbeitet und genutzt. N\u00e4here Informationen \u00fcber die Datenverarbeitung durch Google k\u00f6nnen Sie <a href=\"http:\/\/www.google.com\/privacypolicy.html\" target=\"_blank\" rel=\"noopener\">den Google-Datenschutzhinweisen<\/a> entnehmen. Dort k\u00f6nnen Sie im Datenschutzcenter auch Ihre pers\u00f6nlichen Datenschutz-Einstellungen ver\u00e4ndern.<\/span><\/p>\n<p><span style=\"font-size: 12px;\">Ausf\u00fchrliche Anleitungen zur Verwaltung der eigenen Daten im Zusammenhang mit Google-Produkten<a href=\"http:\/\/www.dataliberation.org\/\" target=\"_blank\" rel=\"noopener\"> finden Sie hier<\/a>.<\/span><\/p>\n<p><strong><span style=\"font-size: 12px;\">Eingebettete YouTube-Videos<br \/>\n<\/span><\/strong><span style=\"font-size: 12px;\">Auf einigen unserer Webseiten betten wir Youtube-Videos ein. Betreiber der entsprechenden Plugins ist die YouTube, LLC, 901 Cherry Ave., San Bruno, CA 94066, USA. Wenn Sie eine Seite mit dem YouTube-Plugin besuchen, wird eine Verbindung zu Servern von Youtube hergestellt. Dabei wird Youtube mitgeteilt, welche Seiten Sie besuchen. Wenn Sie in Ihrem Youtube-Account eingeloggt sind, kann Youtube Ihr Surfverhalten Ihnen pers\u00f6nlich zuzuordnen. Dies verhindern Sie, indem Sie sich vorher aus Ihrem Youtube-Account ausloggen.<\/span><\/p>\n<p><span style=\"font-size: 12px;\">Wird ein Youtube-Video gestartet, setzt der Anbieter Cookies ein, die Hinweise \u00fcber das Nutzerverhalten sammeln.<\/span><\/p>\n<p><span style=\"font-size: 12px;\">Wer das Speichern von Cookies f\u00fcr das Google-Ad-Programm deaktiviert hat, wird auch beim Anschauen von Youtube-Videos mit keinen solchen Cookies rechnen m\u00fcssen. Youtube legt aber auch in anderen Cookies nicht-personenbezogene Nutzungsinformationen ab. M\u00f6chten Sie dies verhindern, so m\u00fcssen Sie das Speichern von Cookies im Browser blockieren.<\/span><\/p>\n<p><span style=\"font-size: 12px;\">Weitere Informationen zum Datenschutz bei \u201eYoutube\u201c finden Sie in der Datenschutzerkl\u00e4rung des Anbieters unter: <a href=\"https:\/\/www.google.de\/intl\/de\/policies\/privacy\/\" target=\"_blank\" rel=\"noopener\">https:\/\/www.google.de\/intl\/de\/policies\/privacy\/ <\/a><\/span><\/p>\n<p><strong><span style=\"font-size: 12px;\">Google AdWords<br \/>\n<\/span><\/strong><span style=\"font-size: 12px;\">Unsere Webseite nutzt das Google Conversion-Tracking. Sind Sie \u00fcber eine von Google geschaltete Anzeige auf unsere Webseite gelangt, wird von Google Adwords ein Cookie auf Ihrem Rechner gesetzt. Das Cookie f\u00fcr Conversion-Tracking wird gesetzt, wenn ein Nutzer auf eine von Google geschaltete Anzeige klickt. Diese Cookies verlieren nach 30 Tagen ihre G\u00fcltigkeit und dienen nicht der pers\u00f6nlichen Identifizierung. Besucht der Nutzer bestimmte Seiten unserer Website und das Cookie ist noch nicht abgelaufen, k\u00f6nnen wir und Google erkennen, dass der Nutzer auf die Anzeige geklickt hat und zu dieser Seite weitergeleitet wurde. Jeder Google AdWords-Kunde erh\u00e4lt ein anderes Cookie. Cookies k\u00f6nnen somit nicht \u00fcber die Websites von AdWords-Kunden nachverfolgt werden. Die mithilfe des Conversion-Cookies eingeholten Informationen dienen dazu, Conversion-Statistiken f\u00fcr AdWords-Kunden zu erstellen, die sich f\u00fcr Conversion-Tracking entschieden haben. Die Kunden erfahren die Gesamtanzahl der Nutzer, die auf ihre Anzeige geklickt haben und zu einer mit einem Conversion-Tracking-Tag versehenen Seite weitergeleitet wurden. Sie erhalten jedoch keine Informationen, mit denen sich Nutzer pers\u00f6nlich identifizieren lassen.<\/span><\/p>\n<p><span style=\"font-size: 12px;\">M\u00f6chten Sie nicht am Tracking teilnehmen, k\u00f6nnen Sie das hierf\u00fcr erforderliche Setzen eines Cookies ablehnen \u2013 etwa per Browser-Einstellung, die das automatische Setzen von Cookies generell deaktiviert oder Ihren Browser so einstellen, dass Cookies von der Domain \u201egoogleleadservices.com\u201c blockiert werden.<\/span><\/p>\n<p><span style=\"font-size: 12px;\">Bitte beachten Sie, dass Sie die Opt-out-Cookies nicht l\u00f6schen d\u00fcrfen, solange Sie keine Aufzeichnung von Messdaten w\u00fcnschen. Haben Sie alle Ihre Cookies im Browser gel\u00f6scht, m\u00fcssen Sie das jeweilige Opt-out Cookie erneut setzen.<\/span><\/p>\n<p><span style=\"font-size: 12px;\"><strong>\u00c4nderung unserer Datenschutzbestimmungen<br \/>\n<\/strong>Wir behalten uns vor, diese Datenschutzerkl\u00e4rung anzupassen, damit sie stets den aktuellen rechtlichen Anforderungen entspricht oder um \u00c4nderungen unserer Leistungen in der Datenschutzerkl\u00e4rung umzusetzen, z.B. bei der Einf\u00fchrung neuer Services. F\u00fcr Ihren erneuten Besuch gilt dann die neue Datenschutzerkl\u00e4rung.<\/span><\/p>\n<p><span style=\"font-size: 12px;\"><strong>Fragen an den Datenschutzbeauftragten<br \/>\n<\/strong>Wenn Sie Fragen zum Datenschutz haben, schreiben Sie uns bitte eine E-Mail oder wenden Sie sich direkt an die f\u00fcr den Datenschutz verantwortliche Person in unserer Organisation:<\/span><\/p>\n<p><span style=\"font-size: 12px;\">Mirja Lendt oder Martin von Hoyningen Huene unter der Adresse info@agentur-t.com<\/span><\/p>\n<p><span style=\"font-size: 12px;\"><em>Die Datenschutzerkl\u00e4rung wurde mit dem <\/em><a href=\"https:\/\/www.activemind.de\/datenschutz\/datenschutzhinweis-generator\/\" target=\"_blank\" rel=\"noopener\"><em>Datenschutzerkl\u00e4rungs-Generator der activeMind AG erstellt<\/em><\/a><em>.<\/em><\/span><\/p>\n","protected":false},"excerpt":{"rendered":"<p>Impressum \/ Datenschutzerkl\u00e4rung Angaben gem\u00e4\u00df \u00a7 5 TMG: wonderlendt performances | c\/o Lendt | Schimmel-Hof GmbH | Hamburger Str. 273 B | 38144 Braunschweig Vertreten durch: Mirja Lendt Kontakt: E-Mail: drecksklub@gmail.com\u00a0 Streitschlichtung Wir sind nicht bereit oder verpflichtet, an Streitbeilegungsverfahren vor einer Verbraucherschlichtungsstelle teilzunehmen. Haftung f\u00fcr Inhalte Als Diensteanbieter sind wir gem\u00e4\u00df \u00a7 7 Abs.1 &hellip; <\/p>\n<p class=\"link-more\"><a href=\"https:\/\/www.drecksklub.de\/?page_id=39\" class=\"more-link\"><span class=\"screen-reader-text\">\u201eImpressum\u201c<\/span> weiterlesen<\/a><\/p>\n","protected":false},"author":2,"featured_media":0,"parent":0,"menu_order":0,"comment_status":"closed","ping_status":"closed","template":"","meta":{"footnotes":""},"class_list":["post-39","page","type-page","status-publish","hentry"],"_links":{"self":[{"href":"https:\/\/www.drecksklub.de\/index.php?rest_route=\/wp\/v2\/pages\/39"}],"collection":[{"href":"https:\/\/www.drecksklub.de\/index.php?rest_route=\/wp\/v2\/pages"}],"about":[{"href":"https:\/\/www.drecksklub.de\/index.php?rest_route=\/wp\/v2\/types\/page"}],"author":[{"embeddable":true,"href":"https:\/\/www.drecksklub.de\/index.php?rest_route=\/wp\/v2\/users\/2"}],"replies":[{"embeddable":true,"href":"https:\/\/www.drecksklub.de\/index.php?rest_route=%2Fwp%2Fv2%2Fcomments&post=39"}],"version-history":[{"count":34,"href":"https:\/\/www.drecksklub.de\/index.php?rest_route=\/wp\/v2\/pages\/39\/revisions"}],"predecessor-version":[{"id":724,"href":"https:\/\/www.drecksklub.de\/index.php?rest_route=\/wp\/v2\/pages\/39\/revisions\/724"}],"wp:attachment":[{"href":"https:\/\/www.drecksklub.de\/index.php?rest_route=%2Fwp%2Fv2%2Fmedia&parent=39"}],"curies":[{"name":"wp","href":"https:\/\/api.w.org\/{rel}","templated":true}]}}